{"id":3541,"date":"2020-11-02T13:48:40","date_gmt":"2020-11-02T13:48:40","guid":{"rendered":"https:\/\/new.satigoround.lu\/home\/"},"modified":"2021-01-25T09:08:46","modified_gmt":"2021-01-25T09:08:46","slug":"home","status":"publish","type":"page","link":"https:\/\/satigoround.lu\/de\/","title":{"rendered":"Home"},"content":{"rendered":"<p>[et_pb_section fb_built=&#8221;1&#8243; _builder_version=&#8221;4.6.6&#8243; _module_preset=&#8221;default&#8221; background_video_mp4=&#8221;https:\/\/satigoround.lu\/wp-content\/uploads\/2020\/12\/Kartik-Corrections-Cropped-1.m4v&#8221; background_video_webm=&#8221;https:\/\/satigoround.lu\/wp-content\/uploads\/2020\/12\/Kartik-Corrections-Cropped-1.webm&#8221; height=&#8221;650px&#8221; height_tablet=&#8221;350px&#8221; height_phone=&#8221;350px&#8221; height_last_edited=&#8221;on|phone&#8221; custom_padding=&#8221;0px||0px|||&#8221;][et_pb_row make_equal=&#8221;on&#8221; module_class=&#8221;headerbg&#8221; _builder_version=&#8221;4.6.6&#8243; _module_preset=&#8221;default&#8221; z_index=&#8221;130&#8243; width=&#8221;100%&#8221; max_width=&#8221;100%&#8221; height=&#8221;100%&#8221; custom_padding=&#8221;||||true|false&#8221; custom_css_main_element=&#8221;align-items: center;&#8221; border_width_bottom=&#8221;50px&#8221; border_color_bottom=&#8221;#ffffff&#8221; background__hover_enabled=&#8221;off|hover&#8221; background_enable_color__hover=&#8221;on&#8221;][et_pb_column type=&#8221;4_4&#8243; _builder_version=&#8221;4.6.6&#8243; _module_preset=&#8221;default&#8221;][\/et_pb_column][\/et_pb_row][\/et_pb_section][et_pb_section fb_built=&#8221;1&#8243; admin_label=&#8221;Welcome To Royal&#8221; _builder_version=&#8221;4.6.6&#8243; background_color=&#8221;#ffffff&#8221; background_position=&#8221;top_left&#8221; custom_padding=&#8221;0px|0px|0px|0px||&#8221; collapsed=&#8221;off&#8221;][et_pb_row column_structure=&#8221;1_2,1_2&#8243; make_equal=&#8221;on&#8221; custom_padding_last_edited=&#8221;on|tablet&#8221; _builder_version=&#8221;4.7.7&#8243; background_size=&#8221;initial&#8221; background_position=&#8221;top_left&#8221; background_repeat=&#8221;repeat&#8221; max_width=&#8221;80%&#8221; custom_margin=&#8221;|||&#8221; custom_padding=&#8221;40px||40px||true|&#8221; custom_padding_tablet=&#8221;||||true|false&#8221; custom_padding_phone=&#8221;&#8221; scroll_vertical_motion=&#8221;0|30|70|100|1|0|-1&#8243; custom_css_main_element=&#8221;align-items: center;&#8221;][et_pb_column type=&#8221;1_2&#8243; _builder_version=&#8221;4.6.6&#8243; background_position=&#8221;top_left&#8221; custom_padding=&#8221;||||false|false&#8221; custom_padding__hover=&#8221;|||&#8221;][et_pb_divider show_divider=&#8221;off&#8221; _builder_version=&#8221;3.2&#8243; max_width=&#8221;60px&#8221; module_alignment=&#8221;left&#8221; custom_margin=&#8221;||10px|&#8221; saved_tabs=&#8221;all&#8221; locked=&#8221;off&#8221;][\/et_pb_divider][et_pb_image src=&#8221;https:\/\/satigoround.lu\/wp-content\/uploads\/2020\/11\/SatiGoRound_Logo.svg&#8221; title_text=&#8221;SatiGoRound_Logo&#8221; show_bottom_space=&#8221;off&#8221; disabled_on=&#8221;off|off|off&#8221; module_class=&#8221;hvr-grow-rotate&#8221; _builder_version=&#8221;4.7.7&#8243; _module_preset=&#8221;default&#8221; positioning=&#8221;absolute&#8221; position_origin_a=&#8221;top_right&#8221; vertical_offset=&#8221;-51px&#8221; horizontal_offset=&#8221;37px&#8221; horizontal_offset_tablet=&#8221;&#8221; horizontal_offset_phone=&#8221;-16px&#8221; horizontal_offset_last_edited=&#8221;on|phone&#8221; width=&#8221;161px&#8221; custom_margin=&#8221;||||false|false&#8221; custom_padding=&#8221;||||false|false&#8221;][\/et_pb_image][et_pb_text _builder_version=&#8221;4.7.7&#8243; _module_preset=&#8221;2f8a16ca-4d24-4c99-b589-dae4627334db&#8221;]<\/p>\n<h2 class=\"elementor-heading-title elementor-size-default\" style=\"text-align: left;\">WER<br \/> <span style=\"color: #d6a332;\">SIND WIR<\/span><\/h2>\n<p>[\/et_pb_text][et_pb_text _builder_version=&#8221;4.7.7&#8243; _module_preset=&#8221;default&#8221;]<\/p>\n<p><span>Sie organisieren eine Unternehmensfeier, ein Dorf- oder Schulfest, oder eine Hochzeit\u2026 und suchen noch nach der besten Art und Weise die Kinder zu entertainen?<\/span><\/p>\n<p><span>Dann sind Sie hier genau richtig! Mit unserer gro\u00dfen Auswahl an Fahrgesch\u00e4ften haben wir das n\u00f6tige Equipment und Know-How, um Ihr Event unvergesslich zu machen, f\u00fcr Sie und vor allem f\u00fcr Ihre Kinder!<\/span><\/p>\n<p>[\/et_pb_text][et_pb_button button_url=&#8221;@ET-DC@eyJkeW5hbWljIjp0cnVlLCJjb250ZW50IjoicG9zdF9saW5rX3VybF9wYWdlIiwic2V0dGluZ3MiOnsicG9zdF9pZCI6IjI0NTMifX0=@&#8221; button_text=&#8221;MEHR&#8221; button_alignment=&#8221;left&#8221; _builder_version=&#8221;4.7.7&#8243; _dynamic_attributes=&#8221;button_url&#8221; _module_preset=&#8221;default&#8221; custom_button=&#8221;on&#8221; button_text_size=&#8221;18px&#8221; button_text_color=&#8221;#ffffff&#8221; button_bg_color=&#8221;#D6A332&#8243; button_border_width=&#8221;0px&#8221; button_font=&#8221;Oswald|||on|||||&#8221; button_use_icon=&#8221;off&#8221; hover_enabled=&#8221;0&#8243; custom_css_main_element=&#8221;||text-align: center;&#8221; button_bg_color__hover_enabled=&#8221;on|hover&#8221; button_bg_color__hover=&#8221;#000000&#8243; button_bg_enable_color__hover=&#8221;on&#8221; custom_css_main_element__hover_enabled=&#8221;on|hover&#8221; custom_css_main_element__hover=&#8221;width: 100%;||&#8221; sticky_enabled=&#8221;0&#8243;][\/et_pb_button][\/et_pb_column][et_pb_column type=&#8221;1_2&#8243; _builder_version=&#8221;4.6.6&#8243; background_position=&#8221;top_left&#8221; custom_padding=&#8221;|||&#8221; custom_padding__hover=&#8221;|||&#8221;][et_pb_gallery gallery_ids=&#8221;3054,3058,3062,3042,3046,3050&#8243; fullwidth=&#8221;on&#8221; module_class=&#8221;noarrowgallery&#8221; _builder_version=&#8221;4.6.6&#8243; _module_preset=&#8221;default&#8221; pagination_font=&#8221;Oswald||||||||&#8221; pagination_text_color=&#8221;#ffffff&#8221; auto=&#8221;on&#8221; auto_speed=&#8221;4000&#8243; scroll_vertical_motion=&#8221;0|20|80|100|1|0|-1&#8243; height__hover_enabled=&#8221;off|desktop&#8221;][\/et_pb_gallery][\/et_pb_column][\/et_pb_row][\/et_pb_section]<\/p>\n","protected":false},"excerpt":{"rendered":"<p>[et_pb_section fb_built=&#8221;1&#8243; _builder_version=&#8221;4.6.6&#8243; _module_preset=&#8221;default&#8221; background_video_mp4=&#8221;https:\/\/satigoround.lu\/wp-content\/uploads\/2020\/12\/Kartik-Corrections-Cropped-1.m4v&#8221; background_video_webm=&#8221;https:\/\/satigoround.lu\/wp-content\/uploads\/2020\/12\/Kartik-Corrections-Cropped-1.webm&#8221; height=&#8221;650px&#8221; height_tablet=&#8221;350px&#8221; height_phone=&#8221;350px&#8221; height_last_edited=&#8221;on|phone&#8221; custom_padding=&#8221;0px||0px|||&#8221;][et_pb_row make_equal=&#8221;on&#8221; module_class=&#8221;headerbg&#8221; _builder_version=&#8221;4.6.6&#8243; _module_preset=&#8221;default&#8221; z_index=&#8221;130&#8243; width=&#8221;100%&#8221; max_width=&#8221;100%&#8221; height=&#8221;100%&#8221; custom_padding=&#8221;||||true|false&#8221; custom_css_main_element=&#8221;align-items: center;&#8221; border_width_bottom=&#8221;50px&#8221; border_color_bottom=&#8221;#ffffff&#8221; background__hover_enabled=&#8221;off|hover&#8221; background_enable_color__hover=&#8221;on&#8221;][et_pb_column type=&#8221;4_4&#8243; _builder_version=&#8221;4.6.6&#8243; _module_preset=&#8221;default&#8221;][\/et_pb_column][\/et_pb_row][\/et_pb_section][et_pb_section fb_built=&#8221;1&#8243; admin_label=&#8221;Welcome To Royal&#8221; _builder_version=&#8221;4.6.6&#8243; background_color=&#8221;#ffffff&#8221; background_position=&#8221;top_left&#8221; custom_padding=&#8221;0px|0px|0px|0px||&#8221; collapsed=&#8221;off&#8221;][et_pb_row column_structure=&#8221;1_2,1_2&#8243; make_equal=&#8221;on&#8221; custom_padding_last_edited=&#8221;on|tablet&#8221; _builder_version=&#8221;4.7.7&#8243; background_size=&#8221;initial&#8221; background_position=&#8221;top_left&#8221; background_repeat=&#8221;repeat&#8221; max_width=&#8221;80%&#8221; custom_margin=&#8221;|||&#8221; custom_padding=&#8221;40px||40px||true|&#8221; custom_padding_tablet=&#8221;||||true|false&#8221; custom_padding_phone=&#8221;&#8221; scroll_vertical_motion=&#8221;0|30|70|100|1|0|-1&#8243; custom_css_main_element=&#8221;align-items: center;&#8221;][et_pb_column type=&#8221;1_2&#8243; _builder_version=&#8221;4.6.6&#8243; [&hellip;]<\/p>\n","protected":false},"author":5,"featured_media":0,"parent":0,"menu_order":0,"comment_status":"closed","ping_status":"closed","template":"","meta":{"_et_pb_use_builder":"on","_et_pb_old_content":"","_et_gb_content_width":""},"yoast_head":"<!-- This site is optimized with the Yoast SEO plugin v16.0.2 - https:\/\/yoast.com\/wordpress\/plugins\/seo\/ -->\n<title>Home - Satigoround<\/title>\n<link rel=\"canonical\" href=\"https:\/\/satigoround.lu\/de\/\" \/>\n<meta property=\"og:locale\" content=\"de_DE\" \/>\n<meta property=\"og:type\" content=\"article\" \/>\n<meta property=\"og:title\" content=\"Home - Satigoround\" \/>\n<meta property=\"og:description\" content=\"[et_pb_section fb_built=&#8221;1&#8243; _builder_version=&#8221;4.6.6&#8243; _module_preset=&#8221;default&#8221; background_video_mp4=&#8221;https:\/\/satigoround.lu\/wp-content\/uploads\/2020\/12\/Kartik-Corrections-Cropped-1.m4v&#8221; background_video_webm=&#8221;https:\/\/satigoround.lu\/wp-content\/uploads\/2020\/12\/Kartik-Corrections-Cropped-1.webm&#8221; height=&#8221;650px&#8221; height_tablet=&#8221;350px&#8221; height_phone=&#8221;350px&#8221; height_last_edited=&#8221;on|phone&#8221; custom_padding=&#8221;0px||0px|||&#8221;][et_pb_row make_equal=&#8221;on&#8221; module_class=&#8221;headerbg&#8221; _builder_version=&#8221;4.6.6&#8243; _module_preset=&#8221;default&#8221; z_index=&#8221;130&#8243; width=&#8221;100%&#8221; max_width=&#8221;100%&#8221; height=&#8221;100%&#8221; custom_padding=&#8221;||||true|false&#8221; custom_css_main_element=&#8221;align-items: center;&#8221; border_width_bottom=&#8221;50px&#8221; border_color_bottom=&#8221;#ffffff&#8221; background__hover_enabled=&#8221;off|hover&#8221; background_enable_color__hover=&#8221;on&#8221;][et_pb_column type=&#8221;4_4&#8243; _builder_version=&#8221;4.6.6&#8243; _module_preset=&#8221;default&#8221;][\/et_pb_column][\/et_pb_row][\/et_pb_section][et_pb_section fb_built=&#8221;1&#8243; admin_label=&#8221;Welcome To Royal&#8221; _builder_version=&#8221;4.6.6&#8243; background_color=&#8221;#ffffff&#8221; background_position=&#8221;top_left&#8221; custom_padding=&#8221;0px|0px|0px|0px||&#8221; collapsed=&#8221;off&#8221;][et_pb_row column_structure=&#8221;1_2,1_2&#8243; make_equal=&#8221;on&#8221; custom_padding_last_edited=&#8221;on|tablet&#8221; _builder_version=&#8221;4.7.7&#8243; background_size=&#8221;initial&#8221; background_position=&#8221;top_left&#8221; background_repeat=&#8221;repeat&#8221; max_width=&#8221;80%&#8221; custom_margin=&#8221;|||&#8221; custom_padding=&#8221;40px||40px||true|&#8221; custom_padding_tablet=&#8221;||||true|false&#8221; custom_padding_phone=&#8221;&#8221; scroll_vertical_motion=&#8221;0|30|70|100|1|0|-1&#8243; custom_css_main_element=&#8221;align-items: center;&#8221;][et_pb_column type=&#8221;1_2&#8243; _builder_version=&#8221;4.6.6&#8243; [&hellip;]\" \/>\n<meta property=\"og:url\" content=\"https:\/\/satigoround.lu\/de\/\" \/>\n<meta property=\"og:site_name\" content=\"Satigoround\" \/>\n<meta property=\"article:modified_time\" content=\"2021-01-25T09:08:46+00:00\" \/>\n<meta name=\"twitter:card\" content=\"summary_large_image\" \/>\n<meta name=\"twitter:label1\" content=\"Gesch\u00e4tzte Lesezeit\">\n\t<meta name=\"twitter:data1\" content=\"3\u00a0Minuten\">\n<script type=\"application\/ld+json\" class=\"yoast-schema-graph\">{\"@context\":\"https:\/\/schema.org\",\"@graph\":[{\"@type\":\"WebSite\",\"@id\":\"https:\/\/satigoround.lu\/#website\",\"url\":\"https:\/\/satigoround.lu\/\",\"name\":\"Satigoround\",\"description\":\"a family-owned children\\u2019s attractions business\",\"potentialAction\":[{\"@type\":\"SearchAction\",\"target\":\"https:\/\/satigoround.lu\/?s={search_term_string}\",\"query-input\":\"required name=search_term_string\"}],\"inLanguage\":\"de\"},{\"@type\":\"WebPage\",\"@id\":\"https:\/\/satigoround.lu\/de\/#webpage\",\"url\":\"https:\/\/satigoround.lu\/de\/\",\"name\":\"Home - Satigoround\",\"isPartOf\":{\"@id\":\"https:\/\/satigoround.lu\/#website\"},\"datePublished\":\"2020-11-02T13:48:40+00:00\",\"dateModified\":\"2021-01-25T09:08:46+00:00\",\"breadcrumb\":{\"@id\":\"https:\/\/satigoround.lu\/de\/#breadcrumb\"},\"inLanguage\":\"de\",\"potentialAction\":[{\"@type\":\"ReadAction\",\"target\":[\"https:\/\/satigoround.lu\/de\/\"]}]},{\"@type\":\"BreadcrumbList\",\"@id\":\"https:\/\/satigoround.lu\/de\/#breadcrumb\",\"itemListElement\":[{\"@type\":\"ListItem\",\"position\":1,\"item\":{\"@type\":\"WebPage\",\"@id\":\"https:\/\/satigoround.lu\/de\/\",\"url\":\"https:\/\/satigoround.lu\/de\/\",\"name\":\"Home\"}},{\"@type\":\"ListItem\",\"position\":2,\"item\":{\"@type\":\"WebPage\",\"@id\":\"https:\/\/satigoround.lu\/de\/\",\"url\":\"https:\/\/satigoround.lu\/de\/\",\"name\":\"Home\"}}]}]}<\/script>\n<!-- \/ Yoast SEO plugin. -->","_links":{"self":[{"href":"https:\/\/satigoround.lu\/de\/wp-json\/wp\/v2\/pages\/3541"}],"collection":[{"href":"https:\/\/satigoround.lu\/de\/wp-json\/wp\/v2\/pages"}],"about":[{"href":"https:\/\/satigoround.lu\/de\/wp-json\/wp\/v2\/types\/page"}],"author":[{"embeddable":true,"href":"https:\/\/satigoround.lu\/de\/wp-json\/wp\/v2\/users\/5"}],"replies":[{"embeddable":true,"href":"https:\/\/satigoround.lu\/de\/wp-json\/wp\/v2\/comments?post=3541"}],"version-history":[{"count":4,"href":"https:\/\/satigoround.lu\/de\/wp-json\/wp\/v2\/pages\/3541\/revisions"}],"predecessor-version":[{"id":3884,"href":"https:\/\/satigoround.lu\/de\/wp-json\/wp\/v2\/pages\/3541\/revisions\/3884"}],"wp:attachment":[{"href":"https:\/\/satigoround.lu\/de\/wp-json\/wp\/v2\/media?parent=3541"}],"curies":[{"name":"wp","href":"https:\/\/api.w.org\/{rel}","templated":true}]}}