{"id":3564,"date":"2020-11-02T14:47:20","date_gmt":"2020-11-02T14:47:20","guid":{"rendered":"https:\/\/new.satigoround.lu\/contact-2\/"},"modified":"2021-01-22T10:31:13","modified_gmt":"2021-01-22T10:31:13","slug":"contact-2","status":"publish","type":"page","link":"https:\/\/satigoround.lu\/fr\/contact-2\/","title":{"rendered":"Contact"},"content":{"rendered":"<p>[et_pb_section fb_built=&#8221;1&#8243; next_background_color=&#8221;#ffffff&#8221; _builder_version=&#8221;4.6.6&#8243; _module_preset=&#8221;default&#8221; use_background_color_gradient=&#8221;on&#8221; background_color_gradient_start=&#8221;rgba(0,0,0,0.54)&#8221; background_color_gradient_end=&#8221;rgba(0,0,0,0.72)&#8221; background_color_gradient_overlays_image=&#8221;on&#8221; background_image=&#8221;https:\/\/satigoround.lu\/wp-content\/uploads\/2019\/10\/2-min-8-1.jpg&#8221; min_height=&#8221;50vh&#8221; min_height_tablet=&#8221;auto&#8221; min_height_phone=&#8221;auto&#8221; min_height_last_edited=&#8221;on|phone&#8221; custom_padding=&#8221;8.2%||8.2%||true|false&#8221; bottom_divider_style=&#8221;triangle&#8221; bottom_divider_height=&#8221;37px&#8221; bottom_divider_flip=&#8221;vertical&#8221; bottom_divider_arrangement=&#8221;above_content&#8221;][et_pb_row _builder_version=&#8221;4.6.6&#8243; _module_preset=&#8221;default&#8221; width=&#8221;50%&#8221; width_tablet=&#8221;80%&#8221; width_phone=&#8221;80%&#8221; width_last_edited=&#8221;on|phone&#8221; custom_padding=&#8221;||0px|||&#8221;][et_pb_column type=&#8221;4_4&#8243; _builder_version=&#8221;4.6.6&#8243; _module_preset=&#8221;default&#8221;][et_pb_text _builder_version=&#8221;4.6.6&#8243; _module_preset=&#8221;2f8a16ca-4d24-4c99-b589-dae4627334db&#8221; header_text_align=&#8221;center&#8221; header_text_color=&#8221;#ffffff&#8221; header_font_size=&#8221;48px&#8221; header_line_height=&#8221;0.8em&#8221; header_font_size_tablet=&#8221;45px&#8221; header_font_size_phone=&#8221;38px&#8221; header_font_size_last_edited=&#8221;on|tablet&#8221;]<\/p>\n<h1>NOUS VOULONS SAVOIR<\/h1>\n<h1><span style=\"color: #d6a332;\">CE QUE VOUS PENSEZ<\/span><\/h1>\n<p>[\/et_pb_text][et_pb_text _builder_version=&#8221;4.6.6&#8243; _module_preset=&#8221;2f8a16ca-4d24-4c99-b589-dae4627334db&#8221; header_text_align=&#8221;center&#8221; header_text_color=&#8221;#ffffff&#8221; header_font_size=&#8221;48px&#8221; header_line_height=&#8221;0.8em&#8221; header_2_font=&#8221;Oswald||||||||&#8221; header_2_text_color=&#8221;#ffffff&#8221; header_2_font_size=&#8221;19px&#8221; header_2_font_size_tablet=&#8221;&#8221; header_2_font_size_phone=&#8221;17px&#8221; header_2_font_size_last_edited=&#8221;on|tablet&#8221; header_2_line_height_tablet=&#8221;1.4em&#8221; header_2_line_height_phone=&#8221;1.5em&#8221; header_2_line_height_last_edited=&#8221;on|phone&#8221;]<\/p>\n<h2>Si vous avez des questions, des id\u00e9es ou des projets, envoyez-nous un message et nous vous contacterons dans les plus brefs d\u00e9lais. D\u00e9filez vers le bas et remplissez le formulaire ou envoyez-nous un email.<\/h2>\n<p>[\/et_pb_text][\/et_pb_column][\/et_pb_row][\/et_pb_section][et_pb_section fb_built=&#8221;1&#8243; admin_label=&#8221;Welcome To Royal&#8221; _builder_version=&#8221;4.6.6&#8243; background_color=&#8221;#ffffff&#8221; background_position=&#8221;top_left&#8221; custom_padding=&#8221;0px|0px|0px|0px|false|false&#8221; top_divider_height=&#8221;37px&#8221; top_divider_flip=&#8221;vertical&#8221; top_divider_arrangement=&#8221;above_content&#8221; bottom_divider_height=&#8221;37px&#8221; bottom_divider_flip=&#8221;vertical&#8221; bottom_divider_arrangement=&#8221;above_content&#8221; collapsed=&#8221;off&#8221;][et_pb_row column_structure=&#8221;3_4,1_4&#8243; use_custom_gutter=&#8221;on&#8221; gutter_width=&#8221;2&#8243; make_equal=&#8221;on&#8221; custom_padding_last_edited=&#8221;off|desktop&#8221; _builder_version=&#8221;4.6.6&#8243; background_size=&#8221;initial&#8221; background_position=&#8221;top_left&#8221; background_repeat=&#8221;repeat&#8221; width=&#8221;100%&#8221; width_tablet=&#8221;100%&#8221; width_phone=&#8221;&#8221; width_last_edited=&#8221;on|phone&#8221; max_width=&#8221;100%&#8221; max_width_tablet=&#8221;&#8221; max_width_phone=&#8221;&#8221; max_width_last_edited=&#8221;on|tablet&#8221; custom_margin=&#8221;||||false|false&#8221; custom_padding=&#8221;2%|0px|0px|0px|false|true&#8221; custom_padding_tablet=&#8221;0px||0px|0%|false|false&#8221; scroll_vertical_motion=&#8221;0|30|70|100|1|0|-1&#8243;][et_pb_column type=&#8221;3_4&#8243; _builder_version=&#8221;4.6.6&#8243; background_position=&#8221;top_left&#8221; custom_padding=&#8221;|5%|5%|5%|false|false&#8221; custom_padding_tablet=&#8221;&#8221; custom_padding_phone=&#8221;&#8221; custom_padding_last_edited=&#8221;on|tablet&#8221; custom_padding__hover=&#8221;|||&#8221;][et_pb_text _builder_version=&#8221;4.6.6&#8243; _module_preset=&#8221;2f8a16ca-4d24-4c99-b589-dae4627334db&#8221; text_text_color=&#8221;#ffffff&#8221; text_font_size=&#8221;20px&#8221; text_line_height=&#8221;1.8em&#8221; header_2_text_align=&#8221;left&#8221; custom_padding=&#8221;|||1%|false|false&#8221;]<\/p>\n<h2 class=\"elementor-heading-title elementor-size-default\" style=\"text-align: left;\">BONJOUR<\/h2>\n<p>[\/et_pb_text][et_pb_divider show_divider=&#8221;off&#8221; _builder_version=&#8221;3.2&#8243; max_width=&#8221;60px&#8221; module_alignment=&#8221;left&#8221; custom_margin=&#8221;||10px|&#8221; saved_tabs=&#8221;all&#8221; locked=&#8221;off&#8221;][\/et_pb_divider][et_pb_contact_form captcha=&#8221;off&#8221; submit_button_text=&#8221;Envoyer&#8221; _builder_version=&#8221;4.7.7&#8243; _module_preset=&#8221;default&#8221; form_field_background_color=&#8221;rgba(0,0,0,0)&#8221; form_field_text_color=&#8221;#929292&#8243; form_field_custom_padding=&#8221;5px|14px|5px|14px|false|false&#8221; form_field_font=&#8221;Oswald|200|||||||&#8221; form_field_font_size=&#8221;18px&#8221; form_field_line_height=&#8221;1.8em&#8221; custom_button=&#8221;on&#8221; button_text_size=&#8221;18px&#8221; button_text_color=&#8221;#ffffff&#8221; button_bg_color=&#8221;#000000&#8243; button_border_width=&#8221;0px&#8221; button_border_radius=&#8221;0px&#8221; button_font=&#8221;Oswald||||||||&#8221; button_use_icon=&#8221;off&#8221; button_custom_margin=&#8221;||||false|false&#8221; button_custom_padding=&#8221;7px|40px|7px|40px|false|false&#8221; hover_enabled=&#8221;0&#8243; custom_css_main_element=&#8221;text-rendering: optimizeLegibility&#8221; border_width_bottom=&#8221;1px&#8221; border_color_bottom=&#8221;#303030&#8243; custom_css_main_element__hover_enabled=&#8221;off|desktop&#8221; sticky_enabled=&#8221;0&#8243;][et_pb_contact_field field_id=&#8221;Name&#8221; field_title=&#8221;Nom*&#8221; _builder_version=&#8221;4.6.6&#8243; button_text_size__hover_enabled=&#8221;off&#8221; button_one_text_size__hover_enabled=&#8221;off&#8221; button_two_text_size__hover_enabled=&#8221;off&#8221; button_text_color__hover_enabled=&#8221;off&#8221; button_one_text_color__hover_enabled=&#8221;off&#8221; button_two_text_color__hover_enabled=&#8221;off&#8221; button_border_width__hover_enabled=&#8221;off&#8221; button_one_border_width__hover_enabled=&#8221;off&#8221; button_two_border_width__hover_enabled=&#8221;off&#8221; button_border_color__hover_enabled=&#8221;off&#8221; button_one_border_color__hover_enabled=&#8221;off&#8221; button_two_border_color__hover_enabled=&#8221;off&#8221; button_border_radius__hover_enabled=&#8221;off&#8221; button_one_border_radius__hover_enabled=&#8221;off&#8221; button_two_border_radius__hover_enabled=&#8221;off&#8221; button_letter_spacing__hover_enabled=&#8221;off&#8221; button_one_letter_spacing__hover_enabled=&#8221;off&#8221; button_two_letter_spacing__hover_enabled=&#8221;off&#8221; button_bg_color__hover_enabled=&#8221;off&#8221; button_one_bg_color__hover_enabled=&#8221;off&#8221; button_two_bg_color__hover_enabled=&#8221;off&#8221;][\/et_pb_contact_field][et_pb_contact_field field_id=&#8221;lastname&#8221; field_title=&#8221;Nom de famille*&#8221; _builder_version=&#8221;4.6.6&#8243; _module_preset=&#8221;default&#8221;][\/et_pb_contact_field][et_pb_contact_field field_id=&#8221;Email&#8221; field_title=&#8221;Email*&#8221; field_type=&#8221;email&#8221; _builder_version=&#8221;4.7.7&#8243; button_text_size__hover_enabled=&#8221;off&#8221; button_one_text_size__hover_enabled=&#8221;off&#8221; button_two_text_size__hover_enabled=&#8221;off&#8221; button_text_color__hover_enabled=&#8221;off&#8221; button_one_text_color__hover_enabled=&#8221;off&#8221; button_two_text_color__hover_enabled=&#8221;off&#8221; button_border_width__hover_enabled=&#8221;off&#8221; button_one_border_width__hover_enabled=&#8221;off&#8221; button_two_border_width__hover_enabled=&#8221;off&#8221; button_border_color__hover_enabled=&#8221;off&#8221; button_one_border_color__hover_enabled=&#8221;off&#8221; button_two_border_color__hover_enabled=&#8221;off&#8221; button_border_radius__hover_enabled=&#8221;off&#8221; button_one_border_radius__hover_enabled=&#8221;off&#8221; button_two_border_radius__hover_enabled=&#8221;off&#8221; button_letter_spacing__hover_enabled=&#8221;off&#8221; button_one_letter_spacing__hover_enabled=&#8221;off&#8221; button_two_letter_spacing__hover_enabled=&#8221;off&#8221; button_bg_color__hover_enabled=&#8221;off&#8221; button_one_bg_color__hover_enabled=&#8221;off&#8221; button_two_bg_color__hover_enabled=&#8221;off&#8221;][\/et_pb_contact_field][et_pb_contact_field field_id=&#8221;company&#8221; field_title=&#8221;Compagnie&#8221; required_mark=&#8221;off&#8221; _builder_version=&#8221;4.6.6&#8243; _module_preset=&#8221;default&#8221;][\/et_pb_contact_field][et_pb_contact_field field_id=&#8221;country&#8221; field_title=&#8221;Pays&#8221; _builder_version=&#8221;4.7.7&#8243; _module_preset=&#8221;default&#8221; hover_enabled=&#8221;0&#8243; required_mark=&#8221;off&#8221; sticky_enabled=&#8221;0&#8243;][\/et_pb_contact_field][et_pb_contact_field field_id=&#8221;phone&#8221; field_title=&#8221;T\u00e9l\u00e9phone&#8221; required_mark=&#8221;off&#8221; _builder_version=&#8221;4.6.6&#8243; _module_preset=&#8221;default&#8221;][\/et_pb_contact_field][et_pb_contact_field field_id=&#8221;Message&#8221; field_title=&#8221;Message&#8221; field_type=&#8221;text&#8221; fullwidth_field=&#8221;on&#8221; _builder_version=&#8221;3.16&#8243; button_text_size__hover_enabled=&#8221;off&#8221; button_one_text_size__hover_enabled=&#8221;off&#8221; button_two_text_size__hover_enabled=&#8221;off&#8221; button_text_color__hover_enabled=&#8221;off&#8221; button_one_text_color__hover_enabled=&#8221;off&#8221; button_two_text_color__hover_enabled=&#8221;off&#8221; button_border_width__hover_enabled=&#8221;off&#8221; button_one_border_width__hover_enabled=&#8221;off&#8221; button_two_border_width__hover_enabled=&#8221;off&#8221; button_border_color__hover_enabled=&#8221;off&#8221; button_one_border_color__hover_enabled=&#8221;off&#8221; button_two_border_color__hover_enabled=&#8221;off&#8221; button_border_radius__hover_enabled=&#8221;off&#8221; button_one_border_radius__hover_enabled=&#8221;off&#8221; button_two_border_radius__hover_enabled=&#8221;off&#8221; button_letter_spacing__hover_enabled=&#8221;off&#8221; button_one_letter_spacing__hover_enabled=&#8221;off&#8221; button_two_letter_spacing__hover_enabled=&#8221;off&#8221; button_bg_color__hover_enabled=&#8221;off&#8221; button_one_bg_color__hover_enabled=&#8221;off&#8221; button_two_bg_color__hover_enabled=&#8221;off&#8221;][\/et_pb_contact_field][et_pb_contact_field field_id=&#8221;conditions&#8221; field_title=&#8221; &#8221; field_type=&#8221;checkbox&#8221; checkbox_options=&#8221;%91{%22value%22:%22J&#8217;ai lu et accepte la politique de confidentialit\u00e9. (Voir politique de confidentialit\u00e9)%22,%22checked%22:0,%22dragID%22:-1}%93&#8243; fullwidth_field=&#8221;on&#8221; _builder_version=&#8221;4.6.6&#8243; _module_preset=&#8221;default&#8221; form_field_text_color=&#8221;#303030&#8243; border_width_all=&#8221;1px&#8221;][\/et_pb_contact_field][\/et_pb_contact_form][\/et_pb_column][et_pb_column type=&#8221;1_4&#8243; _builder_version=&#8221;4.6.6&#8243; use_background_color_gradient=&#8221;on&#8221; background_color_gradient_start=&#8221;#ffffff&#8221; background_color_gradient_end=&#8221;#dcdcdc&#8221; background_color_gradient_end_position=&#8221;29%&#8221; custom_padding=&#8221;||||false|false&#8221; scroll_vertical_motion=&#8221;0|50|50|100|0|0|4&#8243; motion_trigger_start=&#8221;bottom&#8221; custom_padding__hover=&#8221;|||&#8221; custom_css_main_element__sticky_enabled=&#8221;off|desktop&#8221;][et_pb_text _builder_version=&#8221;4.6.6&#8243; _module_preset=&#8221;2f8a16ca-4d24-4c99-b589-dae4627334db&#8221; text_text_color=&#8221;#ffffff&#8221; text_font_size=&#8221;20px&#8221; text_line_height=&#8221;1.8em&#8221; header_2_text_align=&#8221;left&#8221; custom_padding=&#8221;|1px||5%|false|false&#8221; custom_padding_tablet=&#8221;|0px||0%|false|false&#8221; custom_padding_phone=&#8221;&#8221; custom_padding_last_edited=&#8221;on|tablet&#8221;]<\/p>\n<h2 class=\"elementor-heading-title elementor-size-default\" style=\"text-align: center;\">CONTACT<\/h2>\n<p>[\/et_pb_text][et_pb_text _builder_version=&#8221;4.6.6&#8243; _module_preset=&#8221;c9b04d6c-ad2b-45e6-ba93-bd9df863f1f4&#8243; text_font_size=&#8221;20px&#8221; link_font=&#8221;Oswald||||||||&#8221; link_text_color=&#8221;#000000&#8243; custom_padding=&#8221;|1px||5%|false|false&#8221; custom_padding_tablet=&#8221;|0px|5%|0%|false|false&#8221; custom_padding_phone=&#8221;&#8221; custom_padding_last_edited=&#8221;on|phone&#8221; module_alignment_tablet=&#8221;center&#8221; module_alignment_phone=&#8221;center&#8221; module_alignment_last_edited=&#8221;on|tablet&#8221;]<\/p>\n<p style=\"text-align: center;\">15, Rue Paul Albrecht<br \/>L-1151 Cents, Luxembourg<\/p>\n<p style=\"text-align: center;\"><i class=\"fas fa-phone-alt\" style=\"color: #white; padding: 5px;\"><\/i> +352 661 774 883<\/p>\n<p style=\"text-align: center;\"><i class=\"fas fa-envelope\" style=\"color: #white; padding: 5px;\"><\/i> <a href=\"mailto:info@satigoround.lu\" target=\"_blank\" rel=\"noopener noreferrer\">info@satigoround.lu<\/a><\/p>\n<p style=\"text-align: center;\">Du Lundi au Samedi<br \/>08:30H &#8211; 18:00H<\/p>\n<p>[\/et_pb_text][\/et_pb_column][\/et_pb_row][\/et_pb_section][et_pb_section fb_built=&#8221;1&#8243; _builder_version=&#8221;4.6.6&#8243; _module_preset=&#8221;default&#8221; background_color=&#8221;#0f0f0f&#8221; z_index=&#8221;23&#8243;][et_pb_row _builder_version=&#8221;4.6.6&#8243; _module_preset=&#8221;default&#8221;][et_pb_column type=&#8221;4_4&#8243; _builder_version=&#8221;4.6.6&#8243; _module_preset=&#8221;default&#8221;][et_pb_text _builder_version=&#8221;4.6.6&#8243; _module_preset=&#8221;2f8a16ca-4d24-4c99-b589-dae4627334db&#8221; header_font_size=&#8221;48px&#8221; text_orientation=&#8221;center&#8221;]<\/p>\n<h1><span style=\"color: #ffffff;\">FAQ<\/span><\/h1>\n<p>[\/et_pb_text][et_pb_toggle title=&#8221;Combien de volts sont n\u00e9cessaires pour exploiter un man\u00e8ge?&#8221; _builder_version=&#8221;4.6.6&#8243; _module_preset=&#8221;default&#8221; body_font=&#8221;Oswald||||||||&#8221; background_color=&#8221;#000000&#8243;]<\/p>\n<p>Votre emplacement doit fournir une alimentation haute tension \/ amp\u00e8re.<\/p>\n<p>[\/et_pb_toggle][et_pb_toggle title=&#8221;Avez-vous un certificat de s\u00e9curit\u00e9?&#8221; _builder_version=&#8221;4.6.6&#8243; _module_preset=&#8221;default&#8221; body_font=&#8221;Oswald||||||||&#8221; background_color=&#8221;#000000&#8243;]<\/p>\n<p>Ah oui! La s\u00e9curit\u00e9 est notre priorit\u00e9 absolue et nous vous remettrons le certificat sur demande.<\/p>\n<p>[\/et_pb_toggle][et_pb_toggle title=&#8221;Qui s&#8217;occupera du montage de l&#8217;attraction et qui l&#8217;exploitera ?&#8221; _builder_version=&#8221;4.6.6&#8243; _module_preset=&#8221;default&#8221; body_font=&#8221;Oswald||||||||&#8221; background_color=&#8221;#000000&#8243;]<\/p>\n<p>Nous vous proposons un forfait tout-en-un. Notre \u00e9quipe de personnel qualifi\u00e9 apportera le carrousel sur place, le montera et le fera fonctionner. Vous n\u2019avez \u00e0 vous occuper de rien !<\/p>\n<p>[\/et_pb_toggle][et_pb_toggle title=&#8221;Comment fixez-vous les prix?&#8221; _builder_version=&#8221;4.6.6&#8243; _module_preset=&#8221;default&#8221; body_font=&#8221;Oswald||||||||&#8221; background_color=&#8221;#000000&#8243;]<\/p>\n<p>Cela d\u00e9pend de plusieurs facteurs. Avant que nous puissions calculer un prix, nous avons besoin des informations suivantes: Quelles sont les attractions qui vous int\u00e9ressent? Pour combien d\u2019heures \/ jours souhaitez-vous le louer? O\u00fa voulez-vous le monter? Combien d\u2019heures de fonctionnement pr\u00e9voyez-vous?<\/p>\n<p>[\/et_pb_toggle][et_pb_toggle title=&#8221;Pour quels types d&#8217;\u00e9v\u00e9nements proposez-vous vos services?&#8221; _builder_version=&#8221;4.6.6&#8243; _module_preset=&#8221;default&#8221; body_font=&#8221;Oswald||||||||&#8221; background_color=&#8221;#000000&#8243;]<\/p>\n<p>Nous sommes ouverts \u00e0 tout type d\u2019\u00e9v\u00e9nement, mais jusqu\u2019\u00e0 pr\u00e9sent, nos \u00e9v\u00e9nements les plus r\u00e9serv\u00e9s sont: les journ\u00e9es familiales, les festivals, les \u00e9v\u00e9nements de la commune, les anniversaires ou m\u00eame les mariages.<\/p>\n<p>[\/et_pb_toggle][et_pb_toggle title=&#8221;Dans quelle r\u00e9gion proposez-vous vos services?&#8221; _builder_version=&#8221;4.6.6&#8243; _module_preset=&#8221;default&#8221; body_font=&#8221;Oswald||||||||&#8221; background_color=&#8221;#000000&#8243;]<\/p>\n<p>Le Luxembourg et la Grande R\u00e9gion constituent notre zone d\u2019op\u00e9ration. Des \u00e9v\u00e9nements en dehors de cette zone sont possibles, mais comme ils n\u00e9cessitent une planification plus complexe ils co\u00fbtent plus cher.<\/p>\n<p>[\/et_pb_toggle][et_pb_toggle title=&#8221;Proposez-vous des r\u00e9ductions pour des \u00e9v\u00e9nements caritatifs?&#8221; _builder_version=&#8221;4.6.6&#8243; _module_preset=&#8221;default&#8221; body_font=&#8221;Oswald||||||||&#8221; background_color=&#8221;#000000&#8243;]<\/p>\n<p>Oui, bien s\u00fbr! Si vous organisez un \u00e9v\u00e9nement caritatif, racontez-le nous et nous vous ferons un bon prix.<\/p>\n<p>[\/et_pb_toggle][et_pb_toggle title=&#8221;Engagez-vous des personnes \u00e0 la recherche d&#8217;un emploi \u00e0 temps partiel?&#8221; _builder_version=&#8221;4.6.6&#8243; _module_preset=&#8221;default&#8221; body_font=&#8221;Oswald||||||||&#8221; background_color=&#8221;#000000&#8243;]<\/p>\n<p>Oui! Nous recrutons occasionnellement des \u00e9tudiants \u00e0 la recherche d\u2019un emploi \u00e0 temps partiel, principalement lorsque de grands \u00e9v\u00e9nements se pr\u00e9parent. Alors, si vous \u00eates int\u00e9ress\u00e9, laissez-nous un message!<\/p>\n<p>[\/et_pb_toggle][\/et_pb_column][\/et_pb_row][\/et_pb_section]<\/p>\n","protected":false},"excerpt":{"rendered":"<p>[et_pb_section fb_built=&#8221;1&#8243; next_background_color=&#8221;#ffffff&#8221; _builder_version=&#8221;4.6.6&#8243; _module_preset=&#8221;default&#8221; use_background_color_gradient=&#8221;on&#8221; background_color_gradient_start=&#8221;rgba(0,0,0,0.54)&#8221; background_color_gradient_end=&#8221;rgba(0,0,0,0.72)&#8221; background_color_gradient_overlays_image=&#8221;on&#8221; background_image=&#8221;https:\/\/satigoround.lu\/wp-content\/uploads\/2019\/10\/2-min-8-1.jpg&#8221; min_height=&#8221;50vh&#8221; min_height_tablet=&#8221;auto&#8221; min_height_phone=&#8221;auto&#8221; min_height_last_edited=&#8221;on|phone&#8221; custom_padding=&#8221;8.2%||8.2%||true|false&#8221; bottom_divider_style=&#8221;triangle&#8221; bottom_divider_height=&#8221;37px&#8221; bottom_divider_flip=&#8221;vertical&#8221; bottom_divider_arrangement=&#8221;above_content&#8221;][et_pb_row _builder_version=&#8221;4.6.6&#8243; _module_preset=&#8221;default&#8221; width=&#8221;50%&#8221; width_tablet=&#8221;80%&#8221; width_phone=&#8221;80%&#8221; width_last_edited=&#8221;on|phone&#8221; custom_padding=&#8221;||0px|||&#8221;][et_pb_column type=&#8221;4_4&#8243; _builder_version=&#8221;4.6.6&#8243; _module_preset=&#8221;default&#8221;][et_pb_text _builder_version=&#8221;4.6.6&#8243; _module_preset=&#8221;2f8a16ca-4d24-4c99-b589-dae4627334db&#8221; header_text_align=&#8221;center&#8221; header_text_color=&#8221;#ffffff&#8221; header_font_size=&#8221;48px&#8221; header_line_height=&#8221;0.8em&#8221; header_font_size_tablet=&#8221;45px&#8221; header_font_size_phone=&#8221;38px&#8221; header_font_size_last_edited=&#8221;on|tablet&#8221;] NOUS VOULONS SAVOIR CE QUE VOUS PENSEZ [\/et_pb_text][et_pb_text _builder_version=&#8221;4.6.6&#8243; _module_preset=&#8221;2f8a16ca-4d24-4c99-b589-dae4627334db&#8221; header_text_align=&#8221;center&#8221; header_text_color=&#8221;#ffffff&#8221; header_font_size=&#8221;48px&#8221; header_line_height=&#8221;0.8em&#8221; header_2_font=&#8221;Oswald||||||||&#8221; header_2_text_color=&#8221;#ffffff&#8221; header_2_font_size=&#8221;19px&#8221; [&hellip;]<\/p>\n","protected":false},"author":5,"featured_media":0,"parent":0,"menu_order":0,"comment_status":"closed","ping_status":"closed","template":"","meta":{"_et_pb_use_builder":"on","_et_pb_old_content":"","_et_gb_content_width":""},"yoast_head":"<!-- This site is optimized with the Yoast SEO plugin v16.0.2 - https:\/\/yoast.com\/wordpress\/plugins\/seo\/ -->\n<title>Contact - Satigoround<\/title>\n<link rel=\"canonical\" href=\"https:\/\/satigoround.lu\/fr\/contact-2\/\" \/>\n<meta property=\"og:locale\" content=\"fr_FR\" \/>\n<meta property=\"og:type\" content=\"article\" \/>\n<meta property=\"og:title\" content=\"Contact - Satigoround\" \/>\n<meta property=\"og:description\" content=\"[et_pb_section fb_built=&#8221;1&#8243; next_background_color=&#8221;#ffffff&#8221; _builder_version=&#8221;4.6.6&#8243; _module_preset=&#8221;default&#8221; use_background_color_gradient=&#8221;on&#8221; background_color_gradient_start=&#8221;rgba(0,0,0,0.54)&#8221; background_color_gradient_end=&#8221;rgba(0,0,0,0.72)&#8221; background_color_gradient_overlays_image=&#8221;on&#8221; background_image=&#8221;https:\/\/satigoround.lu\/wp-content\/uploads\/2019\/10\/2-min-8-1.jpg&#8221; min_height=&#8221;50vh&#8221; min_height_tablet=&#8221;auto&#8221; min_height_phone=&#8221;auto&#8221; min_height_last_edited=&#8221;on|phone&#8221; custom_padding=&#8221;8.2%||8.2%||true|false&#8221; bottom_divider_style=&#8221;triangle&#8221; bottom_divider_height=&#8221;37px&#8221; bottom_divider_flip=&#8221;vertical&#8221; bottom_divider_arrangement=&#8221;above_content&#8221;][et_pb_row _builder_version=&#8221;4.6.6&#8243; _module_preset=&#8221;default&#8221; width=&#8221;50%&#8221; width_tablet=&#8221;80%&#8221; width_phone=&#8221;80%&#8221; width_last_edited=&#8221;on|phone&#8221; custom_padding=&#8221;||0px|||&#8221;][et_pb_column type=&#8221;4_4&#8243; _builder_version=&#8221;4.6.6&#8243; _module_preset=&#8221;default&#8221;][et_pb_text _builder_version=&#8221;4.6.6&#8243; _module_preset=&#8221;2f8a16ca-4d24-4c99-b589-dae4627334db&#8221; header_text_align=&#8221;center&#8221; header_text_color=&#8221;#ffffff&#8221; header_font_size=&#8221;48px&#8221; header_line_height=&#8221;0.8em&#8221; header_font_size_tablet=&#8221;45px&#8221; header_font_size_phone=&#8221;38px&#8221; header_font_size_last_edited=&#8221;on|tablet&#8221;] NOUS VOULONS SAVOIR CE QUE VOUS PENSEZ [\/et_pb_text][et_pb_text _builder_version=&#8221;4.6.6&#8243; _module_preset=&#8221;2f8a16ca-4d24-4c99-b589-dae4627334db&#8221; header_text_align=&#8221;center&#8221; header_text_color=&#8221;#ffffff&#8221; header_font_size=&#8221;48px&#8221; header_line_height=&#8221;0.8em&#8221; header_2_font=&#8221;Oswald||||||||&#8221; header_2_text_color=&#8221;#ffffff&#8221; header_2_font_size=&#8221;19px&#8221; [&hellip;]\" \/>\n<meta property=\"og:url\" content=\"https:\/\/satigoround.lu\/fr\/contact-2\/\" \/>\n<meta property=\"og:site_name\" content=\"Satigoround\" \/>\n<meta property=\"article:modified_time\" content=\"2021-01-22T10:31:13+00:00\" \/>\n<meta name=\"twitter:card\" content=\"summary_large_image\" \/>\n<meta name=\"twitter:label1\" content=\"Dur\u00e9e de lecture est.\">\n\t<meta name=\"twitter:data1\" content=\"10 minutes\">\n<script type=\"application\/ld+json\" class=\"yoast-schema-graph\">{\"@context\":\"https:\/\/schema.org\",\"@graph\":[{\"@type\":\"WebSite\",\"@id\":\"https:\/\/satigoround.lu\/#website\",\"url\":\"https:\/\/satigoround.lu\/\",\"name\":\"Satigoround\",\"description\":\"a family-owned children\\u2019s attractions business\",\"potentialAction\":[{\"@type\":\"SearchAction\",\"target\":\"https:\/\/satigoround.lu\/?s={search_term_string}\",\"query-input\":\"required name=search_term_string\"}],\"inLanguage\":\"fr-FR\"},{\"@type\":\"WebPage\",\"@id\":\"https:\/\/satigoround.lu\/fr\/contact-2\/#webpage\",\"url\":\"https:\/\/satigoround.lu\/fr\/contact-2\/\",\"name\":\"Contact - Satigoround\",\"isPartOf\":{\"@id\":\"https:\/\/satigoround.lu\/#website\"},\"datePublished\":\"2020-11-02T14:47:20+00:00\",\"dateModified\":\"2021-01-22T10:31:13+00:00\",\"breadcrumb\":{\"@id\":\"https:\/\/satigoround.lu\/fr\/contact-2\/#breadcrumb\"},\"inLanguage\":\"fr-FR\",\"potentialAction\":[{\"@type\":\"ReadAction\",\"target\":[\"https:\/\/satigoround.lu\/fr\/contact-2\/\"]}]},{\"@type\":\"BreadcrumbList\",\"@id\":\"https:\/\/satigoround.lu\/fr\/contact-2\/#breadcrumb\",\"itemListElement\":[{\"@type\":\"ListItem\",\"position\":1,\"item\":{\"@type\":\"WebPage\",\"@id\":\"https:\/\/satigoround.lu\/fr\/\",\"url\":\"https:\/\/satigoround.lu\/fr\/\",\"name\":\"Home\"}},{\"@type\":\"ListItem\",\"position\":2,\"item\":{\"@type\":\"WebPage\",\"@id\":\"https:\/\/satigoround.lu\/fr\/contact-2\/\",\"url\":\"https:\/\/satigoround.lu\/fr\/contact-2\/\",\"name\":\"Contact\"}}]}]}<\/script>\n<!-- \/ Yoast SEO plugin. -->","_links":{"self":[{"href":"https:\/\/satigoround.lu\/fr\/wp-json\/wp\/v2\/pages\/3564"}],"collection":[{"href":"https:\/\/satigoround.lu\/fr\/wp-json\/wp\/v2\/pages"}],"about":[{"href":"https:\/\/satigoround.lu\/fr\/wp-json\/wp\/v2\/types\/page"}],"author":[{"embeddable":true,"href":"https:\/\/satigoround.lu\/fr\/wp-json\/wp\/v2\/users\/5"}],"replies":[{"embeddable":true,"href":"https:\/\/satigoround.lu\/fr\/wp-json\/wp\/v2\/comments?post=3564"}],"version-history":[{"count":3,"href":"https:\/\/satigoround.lu\/fr\/wp-json\/wp\/v2\/pages\/3564\/revisions"}],"predecessor-version":[{"id":3569,"href":"https:\/\/satigoround.lu\/fr\/wp-json\/wp\/v2\/pages\/3564\/revisions\/3569"}],"wp:attachment":[{"href":"https:\/\/satigoround.lu\/fr\/wp-json\/wp\/v2\/media?parent=3564"}],"curies":[{"name":"wp","href":"https:\/\/api.w.org\/{rel}","templated":true}]}}