{"id":3566,"date":"2020-11-02T14:47:20","date_gmt":"2020-11-02T14:47:20","guid":{"rendered":"https:\/\/new.satigoround.lu\/contact-2\/"},"modified":"2021-01-22T10:41:21","modified_gmt":"2021-01-22T10:41:21","slug":"contact-2","status":"publish","type":"page","link":"https:\/\/satigoround.lu\/lu\/contact-2\/","title":{"rendered":"Kontakt"},"content":{"rendered":"<p>[et_pb_section fb_built=&#8221;1&#8243; next_background_color=&#8221;#ffffff&#8221; _builder_version=&#8221;4.6.6&#8243; _module_preset=&#8221;default&#8221; use_background_color_gradient=&#8221;on&#8221; background_color_gradient_start=&#8221;rgba(0,0,0,0.54)&#8221; background_color_gradient_end=&#8221;rgba(0,0,0,0.72)&#8221; background_color_gradient_overlays_image=&#8221;on&#8221; background_image=&#8221;https:\/\/satigoround.lu\/wp-content\/uploads\/2019\/10\/2-min-8-1.jpg&#8221; min_height=&#8221;50vh&#8221; min_height_tablet=&#8221;auto&#8221; min_height_phone=&#8221;auto&#8221; min_height_last_edited=&#8221;on|phone&#8221; custom_padding=&#8221;8.2%||8.2%||true|false&#8221; bottom_divider_style=&#8221;triangle&#8221; bottom_divider_height=&#8221;37px&#8221; bottom_divider_flip=&#8221;vertical&#8221; bottom_divider_arrangement=&#8221;above_content&#8221;][et_pb_row _builder_version=&#8221;4.6.6&#8243; _module_preset=&#8221;default&#8221; width=&#8221;50%&#8221; width_tablet=&#8221;80%&#8221; width_phone=&#8221;80%&#8221; width_last_edited=&#8221;on|phone&#8221; custom_padding=&#8221;||0px|||&#8221;][et_pb_column type=&#8221;4_4&#8243; _builder_version=&#8221;4.6.6&#8243; _module_preset=&#8221;default&#8221;][et_pb_text _builder_version=&#8221;4.6.6&#8243; _module_preset=&#8221;2f8a16ca-4d24-4c99-b589-dae4627334db&#8221; header_text_align=&#8221;center&#8221; header_text_color=&#8221;#ffffff&#8221; header_font_size=&#8221;48px&#8221; header_line_height=&#8221;0.8em&#8221; header_font_size_tablet=&#8221;45px&#8221; header_font_size_phone=&#8221;38px&#8221; header_font_size_last_edited=&#8221;on|tablet&#8221;]<\/p>\n<h1>MIR W\u00cbLLE W\u00cbSSEN<\/h1>\n<h1><span style=\"color: #d6a332;\">WAT DIR DENKT<\/span><\/h1>\n<p>[\/et_pb_text][et_pb_text _builder_version=&#8221;4.6.6&#8243; _module_preset=&#8221;2f8a16ca-4d24-4c99-b589-dae4627334db&#8221; header_text_align=&#8221;center&#8221; header_text_color=&#8221;#ffffff&#8221; header_font_size=&#8221;48px&#8221; header_line_height=&#8221;0.8em&#8221; header_2_font=&#8221;Oswald||||||||&#8221; header_2_text_color=&#8221;#ffffff&#8221; header_2_font_size=&#8221;19px&#8221; header_2_font_size_tablet=&#8221;&#8221; header_2_font_size_phone=&#8221;17px&#8221; header_2_font_size_last_edited=&#8221;on|tablet&#8221; header_2_line_height_tablet=&#8221;1.4em&#8221; header_2_line_height_phone=&#8221;1.5em&#8221; header_2_line_height_last_edited=&#8221;on|phone&#8221;]<\/p>\n<h2>Wann Dir iegentwelch Froen, Iddien oder Pl\u00e4ng hutt, sch\u00e9ckt eis w.e.g. ee Message a mir \u00e4ntwerten Iech esou s\u00e9ier w\u00e9i m\u00e9iglech. Scrollt erof a f\u00ebllt de Formulaire aus oder sch\u00e9ckt eis ganz einfach eng E-Mail.<\/h2>\n<p>[\/et_pb_text][\/et_pb_column][\/et_pb_row][\/et_pb_section][et_pb_section fb_built=&#8221;1&#8243; admin_label=&#8221;Welcome To Royal&#8221; _builder_version=&#8221;4.6.6&#8243; background_color=&#8221;#ffffff&#8221; background_position=&#8221;top_left&#8221; custom_padding=&#8221;0px|0px|0px|0px|false|false&#8221; top_divider_height=&#8221;37px&#8221; top_divider_flip=&#8221;vertical&#8221; top_divider_arrangement=&#8221;above_content&#8221; bottom_divider_height=&#8221;37px&#8221; bottom_divider_flip=&#8221;vertical&#8221; bottom_divider_arrangement=&#8221;above_content&#8221; collapsed=&#8221;off&#8221;][et_pb_row column_structure=&#8221;3_4,1_4&#8243; use_custom_gutter=&#8221;on&#8221; gutter_width=&#8221;2&#8243; make_equal=&#8221;on&#8221; custom_padding_last_edited=&#8221;off|desktop&#8221; _builder_version=&#8221;4.6.6&#8243; background_size=&#8221;initial&#8221; background_position=&#8221;top_left&#8221; background_repeat=&#8221;repeat&#8221; width=&#8221;100%&#8221; width_tablet=&#8221;100%&#8221; width_phone=&#8221;&#8221; width_last_edited=&#8221;on|phone&#8221; max_width=&#8221;100%&#8221; max_width_tablet=&#8221;&#8221; max_width_phone=&#8221;&#8221; max_width_last_edited=&#8221;on|tablet&#8221; custom_margin=&#8221;||||false|false&#8221; custom_padding=&#8221;2%|0px|0px|0px|false|true&#8221; custom_padding_tablet=&#8221;0px||0px|0%|false|false&#8221; scroll_vertical_motion=&#8221;0|30|70|100|1|0|-1&#8243;][et_pb_column type=&#8221;3_4&#8243; _builder_version=&#8221;4.6.6&#8243; background_position=&#8221;top_left&#8221; custom_padding=&#8221;|5%|5%|5%|false|false&#8221; custom_padding_tablet=&#8221;&#8221; custom_padding_phone=&#8221;&#8221; custom_padding_last_edited=&#8221;on|tablet&#8221; custom_padding__hover=&#8221;|||&#8221;][et_pb_text _builder_version=&#8221;4.6.6&#8243; _module_preset=&#8221;2f8a16ca-4d24-4c99-b589-dae4627334db&#8221; text_text_color=&#8221;#ffffff&#8221; text_font_size=&#8221;20px&#8221; text_line_height=&#8221;1.8em&#8221; header_2_text_align=&#8221;left&#8221; custom_padding=&#8221;|||1%|false|false&#8221;]<\/p>\n<h2 class=\"elementor-heading-title elementor-size-default\" style=\"text-align: left;\">MOIEN<\/h2>\n<p>[\/et_pb_text][et_pb_divider show_divider=&#8221;off&#8221; _builder_version=&#8221;3.2&#8243; max_width=&#8221;60px&#8221; module_alignment=&#8221;left&#8221; custom_margin=&#8221;||10px|&#8221; saved_tabs=&#8221;all&#8221; locked=&#8221;off&#8221;][\/et_pb_divider][et_pb_contact_form captcha=&#8221;off&#8221; submit_button_text=&#8221;Oofsch\u00e9cken&#8221; _builder_version=&#8221;4.7.7&#8243; _module_preset=&#8221;default&#8221; form_field_background_color=&#8221;rgba(0,0,0,0)&#8221; form_field_text_color=&#8221;#929292&#8243; form_field_custom_padding=&#8221;5px|14px|5px|14px|false|false&#8221; form_field_font=&#8221;Oswald|200|||||||&#8221; form_field_font_size=&#8221;18px&#8221; form_field_line_height=&#8221;1.8em&#8221; custom_button=&#8221;on&#8221; button_text_size=&#8221;18px&#8221; button_text_color=&#8221;#ffffff&#8221; button_bg_color=&#8221;#000000&#8243; button_border_width=&#8221;0px&#8221; button_border_radius=&#8221;0px&#8221; button_font=&#8221;Oswald||||||||&#8221; button_use_icon=&#8221;off&#8221; button_custom_margin=&#8221;||||false|false&#8221; button_custom_padding=&#8221;7px|40px|7px|40px|false|false&#8221; hover_enabled=&#8221;0&#8243; custom_css_main_element=&#8221;text-rendering: optimizeLegibility&#8221; border_width_bottom=&#8221;1px&#8221; border_color_bottom=&#8221;#303030&#8243; custom_css_main_element__hover_enabled=&#8221;off|desktop&#8221; sticky_enabled=&#8221;0&#8243;][et_pb_contact_field field_id=&#8221;Name&#8221; field_title=&#8221;Numm*&#8221; _builder_version=&#8221;4.6.6&#8243; button_text_size__hover_enabled=&#8221;off&#8221; button_one_text_size__hover_enabled=&#8221;off&#8221; button_two_text_size__hover_enabled=&#8221;off&#8221; button_text_color__hover_enabled=&#8221;off&#8221; button_one_text_color__hover_enabled=&#8221;off&#8221; button_two_text_color__hover_enabled=&#8221;off&#8221; button_border_width__hover_enabled=&#8221;off&#8221; button_one_border_width__hover_enabled=&#8221;off&#8221; button_two_border_width__hover_enabled=&#8221;off&#8221; button_border_color__hover_enabled=&#8221;off&#8221; button_one_border_color__hover_enabled=&#8221;off&#8221; button_two_border_color__hover_enabled=&#8221;off&#8221; button_border_radius__hover_enabled=&#8221;off&#8221; button_one_border_radius__hover_enabled=&#8221;off&#8221; button_two_border_radius__hover_enabled=&#8221;off&#8221; button_letter_spacing__hover_enabled=&#8221;off&#8221; button_one_letter_spacing__hover_enabled=&#8221;off&#8221; button_two_letter_spacing__hover_enabled=&#8221;off&#8221; button_bg_color__hover_enabled=&#8221;off&#8221; button_one_bg_color__hover_enabled=&#8221;off&#8221; button_two_bg_color__hover_enabled=&#8221;off&#8221;][\/et_pb_contact_field][et_pb_contact_field field_id=&#8221;lastname&#8221; field_title=&#8221;Familljennumm*&#8221; _builder_version=&#8221;4.6.6&#8243; _module_preset=&#8221;default&#8221;][\/et_pb_contact_field][et_pb_contact_field field_id=&#8221;Email&#8221; field_title=&#8221;Email*&#8221; field_type=&#8221;email&#8221; _builder_version=&#8221;4.7.7&#8243; button_text_size__hover_enabled=&#8221;off&#8221; button_one_text_size__hover_enabled=&#8221;off&#8221; button_two_text_size__hover_enabled=&#8221;off&#8221; button_text_color__hover_enabled=&#8221;off&#8221; button_one_text_color__hover_enabled=&#8221;off&#8221; button_two_text_color__hover_enabled=&#8221;off&#8221; button_border_width__hover_enabled=&#8221;off&#8221; button_one_border_width__hover_enabled=&#8221;off&#8221; button_two_border_width__hover_enabled=&#8221;off&#8221; button_border_color__hover_enabled=&#8221;off&#8221; button_one_border_color__hover_enabled=&#8221;off&#8221; button_two_border_color__hover_enabled=&#8221;off&#8221; button_border_radius__hover_enabled=&#8221;off&#8221; button_one_border_radius__hover_enabled=&#8221;off&#8221; button_two_border_radius__hover_enabled=&#8221;off&#8221; button_letter_spacing__hover_enabled=&#8221;off&#8221; button_one_letter_spacing__hover_enabled=&#8221;off&#8221; button_two_letter_spacing__hover_enabled=&#8221;off&#8221; button_bg_color__hover_enabled=&#8221;off&#8221; button_one_bg_color__hover_enabled=&#8221;off&#8221; button_two_bg_color__hover_enabled=&#8221;off&#8221;][\/et_pb_contact_field][et_pb_contact_field field_id=&#8221;company&#8221; field_title=&#8221;Gesellschaft&#8221; required_mark=&#8221;off&#8221; _builder_version=&#8221;4.6.6&#8243; _module_preset=&#8221;default&#8221;][\/et_pb_contact_field][et_pb_contact_field field_id=&#8221;country&#8221; field_title=&#8221;Land&#8221; _builder_version=&#8221;4.7.7&#8243; _module_preset=&#8221;default&#8221; hover_enabled=&#8221;0&#8243; required_mark=&#8221;off&#8221; sticky_enabled=&#8221;0&#8243;][\/et_pb_contact_field][et_pb_contact_field field_id=&#8221;phone&#8221; field_title=&#8221;Telefon&#8221; required_mark=&#8221;off&#8221; _builder_version=&#8221;4.6.6&#8243; _module_preset=&#8221;default&#8221;][\/et_pb_contact_field][et_pb_contact_field field_id=&#8221;Message&#8221; field_title=&#8221;Message&#8221; field_type=&#8221;text&#8221; fullwidth_field=&#8221;on&#8221; _builder_version=&#8221;3.16&#8243; button_text_size__hover_enabled=&#8221;off&#8221; button_one_text_size__hover_enabled=&#8221;off&#8221; button_two_text_size__hover_enabled=&#8221;off&#8221; button_text_color__hover_enabled=&#8221;off&#8221; button_one_text_color__hover_enabled=&#8221;off&#8221; button_two_text_color__hover_enabled=&#8221;off&#8221; button_border_width__hover_enabled=&#8221;off&#8221; button_one_border_width__hover_enabled=&#8221;off&#8221; button_two_border_width__hover_enabled=&#8221;off&#8221; button_border_color__hover_enabled=&#8221;off&#8221; button_one_border_color__hover_enabled=&#8221;off&#8221; button_two_border_color__hover_enabled=&#8221;off&#8221; button_border_radius__hover_enabled=&#8221;off&#8221; button_one_border_radius__hover_enabled=&#8221;off&#8221; button_two_border_radius__hover_enabled=&#8221;off&#8221; button_letter_spacing__hover_enabled=&#8221;off&#8221; button_one_letter_spacing__hover_enabled=&#8221;off&#8221; button_two_letter_spacing__hover_enabled=&#8221;off&#8221; button_bg_color__hover_enabled=&#8221;off&#8221; button_one_bg_color__hover_enabled=&#8221;off&#8221; button_two_bg_color__hover_enabled=&#8221;off&#8221;][\/et_pb_contact_field][et_pb_contact_field field_id=&#8221;conditions&#8221; field_title=&#8221; &#8221; field_type=&#8221;checkbox&#8221; checkbox_options=&#8221;%91{%22value%22:%22Ech hunn Datenschutzerkl\u00e4rung gelies an akzept\u00e9iert. (Siehe Datenschutzerkl\u00e4rung)%22,%22checked%22:0,%22dragID%22:-1}%93&#8243; fullwidth_field=&#8221;on&#8221; _builder_version=&#8221;4.6.6&#8243; _module_preset=&#8221;default&#8221; form_field_text_color=&#8221;#303030&#8243; border_width_all=&#8221;1px&#8221;][\/et_pb_contact_field][\/et_pb_contact_form][\/et_pb_column][et_pb_column type=&#8221;1_4&#8243; _builder_version=&#8221;4.6.6&#8243; use_background_color_gradient=&#8221;on&#8221; background_color_gradient_start=&#8221;#ffffff&#8221; background_color_gradient_end=&#8221;#dcdcdc&#8221; background_color_gradient_end_position=&#8221;29%&#8221; custom_padding=&#8221;||||false|false&#8221; scroll_vertical_motion=&#8221;0|50|50|100|0|0|4&#8243; motion_trigger_start=&#8221;bottom&#8221; custom_padding__hover=&#8221;|||&#8221; custom_css_main_element__sticky_enabled=&#8221;off|desktop&#8221;][et_pb_text _builder_version=&#8221;4.6.6&#8243; _module_preset=&#8221;2f8a16ca-4d24-4c99-b589-dae4627334db&#8221; text_text_color=&#8221;#ffffff&#8221; text_font_size=&#8221;20px&#8221; text_line_height=&#8221;1.8em&#8221; header_2_text_align=&#8221;left&#8221; custom_padding=&#8221;|1px||5%|false|false&#8221; custom_padding_tablet=&#8221;|0px||0%|false|false&#8221; custom_padding_phone=&#8221;&#8221; custom_padding_last_edited=&#8221;on|tablet&#8221;]<\/p>\n<h2 class=\"elementor-heading-title elementor-size-default\" style=\"text-align: center;\">KONTAKT<\/h2>\n<p>[\/et_pb_text][et_pb_text _builder_version=&#8221;4.6.6&#8243; _module_preset=&#8221;c9b04d6c-ad2b-45e6-ba93-bd9df863f1f4&#8243; text_font_size=&#8221;20px&#8221; link_font=&#8221;Oswald||||||||&#8221; link_text_color=&#8221;#000000&#8243; custom_padding=&#8221;|1px||5%|false|false&#8221; custom_padding_tablet=&#8221;|0px|5%|0%|false|false&#8221; custom_padding_phone=&#8221;&#8221; custom_padding_last_edited=&#8221;on|phone&#8221; module_alignment_tablet=&#8221;center&#8221; module_alignment_phone=&#8221;center&#8221; module_alignment_last_edited=&#8221;on|tablet&#8221;]<\/p>\n<p style=\"text-align: center;\">15, Rue Paul Albrecht<br \/>L-1151 Cents, Luxembourg<\/p>\n<p style=\"text-align: center;\"><i class=\"fas fa-phone-alt\" style=\"color: #white; padding: 5px;\"><\/i> +352 661 774 883<\/p>\n<p style=\"text-align: center;\"><i class=\"fas fa-envelope\" style=\"color: #white; padding: 5px;\"><\/i> <a href=\"mailto:info@satigoround.lu\" target=\"_blank\" rel=\"noopener noreferrer\">info@satigoround.lu<\/a><\/p>\n<p style=\"text-align: center;\">M\u00e9indes bis Samschdes<br \/>08:30H &#8211; 18:00H<\/p>\n<p>[\/et_pb_text][\/et_pb_column][\/et_pb_row][\/et_pb_section][et_pb_section fb_built=&#8221;1&#8243; _builder_version=&#8221;4.6.6&#8243; _module_preset=&#8221;default&#8221; background_color=&#8221;#0f0f0f&#8221; z_index=&#8221;23&#8243;][et_pb_row _builder_version=&#8221;4.6.6&#8243; _module_preset=&#8221;default&#8221;][et_pb_column type=&#8221;4_4&#8243; _builder_version=&#8221;4.6.6&#8243; _module_preset=&#8221;default&#8221;][et_pb_text _builder_version=&#8221;4.6.6&#8243; _module_preset=&#8221;2f8a16ca-4d24-4c99-b589-dae4627334db&#8221; header_font_size=&#8221;48px&#8221; text_orientation=&#8221;center&#8221;]<\/p>\n<h1><span style=\"color: #ffffff;\">FAQ<\/span><\/h1>\n<p>[\/et_pb_text][et_pb_toggle title=&#8221;W\u00e9i vill Volt sinn n\u00e9ideg, fir ee Spill ze bedreiwen?&#8221; _builder_version=&#8221;4.6.6&#8243; _module_preset=&#8221;default&#8221; body_font=&#8221;Oswald||||||||&#8221; background_color=&#8221;#000000&#8243;]<\/p>\n<p>D\u2019Location sollt eng Staarkstroum-Leitung zur Verf\u00fcgung stelle k\u00ebnnen.<\/p>\n<p>[\/et_pb_toggle][et_pb_toggle title=&#8221;Hutt Dir ee S\u00e9cherheets-Certificat?&#8221; _builder_version=&#8221;4.6.6&#8243; _module_preset=&#8221;default&#8221; body_font=&#8221;Oswald||||||||&#8221; background_color=&#8221;#000000&#8243;]<\/p>\n<p>Oh jo\u00a0! S\u00e9cherheet ass eis h\u00e9chste Priorit\u00e9it a mir k\u00ebnnen Iech de S\u00e9cherheets-Certificat g\u00e4ren aush\u00e4nnegen, wann dir eis frot.<\/p>\n<p>[\/et_pb_toggle][et_pb_toggle title=&#8221;Wee k\u00ebmmert sech \u00ebm den Opbau an d\u2019Bedreiwe vum Karussell?&#8221; _builder_version=&#8221;4.6.6&#8243; _module_preset=&#8221;default&#8221; body_font=&#8221;Oswald||||||||&#8221; background_color=&#8221;#000000&#8243;]<\/p>\n<p>Mir bidden Iech ee Rundumpaket. Eist Team vun ausgebiltem Personal br\u00e9ngt d\u2019Spill op d\u2019Plaz vum Event, baut et do op, a bedreiwt et uschl\u00e9issend. Dir braucht Iech \u00ebm n\u00e4ischt ze k\u00ebmmeren!<\/p>\n<p>[\/et_pb_toggle][et_pb_toggle title=&#8221;W\u00e9i ginn \u00e4r Pr\u00e4isser gerechent?&#8221; _builder_version=&#8221;4.6.6&#8243; _module_preset=&#8221;default&#8221; body_font=&#8221;Oswald||||||||&#8221; background_color=&#8221;#000000&#8243;]<\/p>\n<p>Dat h\u00e4nkt vun verschidde Fakteuren of. Befier mer e Pr\u00e4iss rechnen, musse mer folgend Informatiounen vun Iech kr\u00e9ien: Watfiree Spill interess\u00e9iert Iech? W\u00e9ivill Deeg\/Stonne w\u00ebll Dir et l\u00e9inen? Wou w\u00ebll dir et opriichten loossen? W\u00e9ivill Stonnen w\u00e4ert d\u2019Spill a Betrib sinn?<\/p>\n<p>[\/et_pb_toggle][et_pb_toggle title=&#8221;Fir watfireng Zort vun Events offr\u00e9iert Dir \u00c4r Servicer?&#8221; _builder_version=&#8221;4.6.6&#8243; _module_preset=&#8221;default&#8221; body_font=&#8221;Oswald||||||||&#8221; background_color=&#8221;#000000&#8243;]<\/p>\n<p>Mir sinn oppe fir all Zort vun Event, mee bis elo waren eis am meeschten gebuchten Events: Firmen-Familljendeeg, Festivalen, Duerf- a Stadfester, Gebuertsdagspartyen oder souguer Hochz\u00e4iten.<\/p>\n<p>[\/et_pb_toggle][et_pb_toggle title=&#8221;A watfirenger Regioun offr\u00e9iert Dir \u00c4r Servicer?&#8221; _builder_version=&#8221;4.6.6&#8243; _module_preset=&#8221;default&#8221; body_font=&#8221;Oswald||||||||&#8221; background_color=&#8221;#000000&#8243;]<\/p>\n<p>L\u00ebtzebuerg an d\u2019Groussregioun sinn eist Asazgebitt. Events ausserhalb vun d\u00ebser Regioun sinn awer m\u00e9iglech, mee w\u00e9inst dem m\u00e9i komplexe Plangungs- an Aarbechtsopwand sinn se deementspriechend m\u00e9i deier.<\/p>\n<p>[\/et_pb_toggle][et_pb_toggle title=&#8221;Bidd Dir Remisen un fir Charity Events?&#8221; _builder_version=&#8221;4.6.6&#8243; _module_preset=&#8221;default&#8221; body_font=&#8221;Oswald||||||||&#8221; background_color=&#8221;#000000&#8243;]<\/p>\n<p>Jo, maache mer! Wann dir een Charity Event organis\u00e9iert, erzielt eis dovunner a mir maachen Iech e gudde Pr\u00e4is.<\/p>\n<p>[\/et_pb_toggle][et_pb_toggle title=&#8221;Stellt Dir Leit an, d\u00e9i en Deelz\u00e4it-Job sichen?&#8221; _builder_version=&#8221;4.6.6&#8243; _module_preset=&#8221;default&#8221; body_font=&#8221;Oswald||||||||&#8221; background_color=&#8221;#000000&#8243;]<\/p>\n<p>Jo! Heiansdo stelle mir Studenten an, d\u00e9i en Deelz\u00e4it-Job sichen, meeschtens, wann ee grousst Event virun der Dier steet! Wann der also interess\u00e9iert sidd, hannerloosst eise e Message!<\/p>\n<p>[\/et_pb_toggle][\/et_pb_column][\/et_pb_row][\/et_pb_section]<\/p>\n","protected":false},"excerpt":{"rendered":"<p>[et_pb_section fb_built=&#8221;1&#8243; next_background_color=&#8221;#ffffff&#8221; _builder_version=&#8221;4.6.6&#8243; _module_preset=&#8221;default&#8221; use_background_color_gradient=&#8221;on&#8221; background_color_gradient_start=&#8221;rgba(0,0,0,0.54)&#8221; background_color_gradient_end=&#8221;rgba(0,0,0,0.72)&#8221; background_color_gradient_overlays_image=&#8221;on&#8221; background_image=&#8221;https:\/\/satigoround.lu\/wp-content\/uploads\/2019\/10\/2-min-8-1.jpg&#8221; min_height=&#8221;50vh&#8221; min_height_tablet=&#8221;auto&#8221; min_height_phone=&#8221;auto&#8221; min_height_last_edited=&#8221;on|phone&#8221; custom_padding=&#8221;8.2%||8.2%||true|false&#8221; bottom_divider_style=&#8221;triangle&#8221; bottom_divider_height=&#8221;37px&#8221; bottom_divider_flip=&#8221;vertical&#8221; bottom_divider_arrangement=&#8221;above_content&#8221;][et_pb_row _builder_version=&#8221;4.6.6&#8243; _module_preset=&#8221;default&#8221; width=&#8221;50%&#8221; width_tablet=&#8221;80%&#8221; width_phone=&#8221;80%&#8221; width_last_edited=&#8221;on|phone&#8221; custom_padding=&#8221;||0px|||&#8221;][et_pb_column type=&#8221;4_4&#8243; _builder_version=&#8221;4.6.6&#8243; _module_preset=&#8221;default&#8221;][et_pb_text _builder_version=&#8221;4.6.6&#8243; _module_preset=&#8221;2f8a16ca-4d24-4c99-b589-dae4627334db&#8221; header_text_align=&#8221;center&#8221; header_text_color=&#8221;#ffffff&#8221; header_font_size=&#8221;48px&#8221; header_line_height=&#8221;0.8em&#8221; header_font_size_tablet=&#8221;45px&#8221; header_font_size_phone=&#8221;38px&#8221; header_font_size_last_edited=&#8221;on|tablet&#8221;] MIR W\u00cbLLE W\u00cbSSEN WAT DIR DENKT [\/et_pb_text][et_pb_text _builder_version=&#8221;4.6.6&#8243; _module_preset=&#8221;2f8a16ca-4d24-4c99-b589-dae4627334db&#8221; header_text_align=&#8221;center&#8221; header_text_color=&#8221;#ffffff&#8221; header_font_size=&#8221;48px&#8221; header_line_height=&#8221;0.8em&#8221; header_2_font=&#8221;Oswald||||||||&#8221; header_2_text_color=&#8221;#ffffff&#8221; header_2_font_size=&#8221;19px&#8221; header_2_font_size_tablet=&#8221;&#8221; [&hellip;]<\/p>\n","protected":false},"author":5,"featured_media":0,"parent":0,"menu_order":0,"comment_status":"closed","ping_status":"closed","template":"","meta":{"_et_pb_use_builder":"on","_et_pb_old_content":"","_et_gb_content_width":""},"yoast_head":"<!-- This site is optimized with the Yoast SEO plugin v16.0.2 - https:\/\/yoast.com\/wordpress\/plugins\/seo\/ -->\n<title>Kontakt - Satigoround<\/title>\n<link rel=\"canonical\" href=\"https:\/\/satigoround.lu\/lu\/contact-2\/\" \/>\n<meta property=\"og:locale\" content=\"en_US\" \/>\n<meta property=\"og:type\" content=\"article\" \/>\n<meta property=\"og:title\" content=\"Kontakt - Satigoround\" \/>\n<meta property=\"og:description\" content=\"[et_pb_section fb_built=&#8221;1&#8243; next_background_color=&#8221;#ffffff&#8221; _builder_version=&#8221;4.6.6&#8243; _module_preset=&#8221;default&#8221; use_background_color_gradient=&#8221;on&#8221; background_color_gradient_start=&#8221;rgba(0,0,0,0.54)&#8221; background_color_gradient_end=&#8221;rgba(0,0,0,0.72)&#8221; background_color_gradient_overlays_image=&#8221;on&#8221; background_image=&#8221;https:\/\/satigoround.lu\/wp-content\/uploads\/2019\/10\/2-min-8-1.jpg&#8221; min_height=&#8221;50vh&#8221; min_height_tablet=&#8221;auto&#8221; min_height_phone=&#8221;auto&#8221; min_height_last_edited=&#8221;on|phone&#8221; custom_padding=&#8221;8.2%||8.2%||true|false&#8221; bottom_divider_style=&#8221;triangle&#8221; bottom_divider_height=&#8221;37px&#8221; bottom_divider_flip=&#8221;vertical&#8221; bottom_divider_arrangement=&#8221;above_content&#8221;][et_pb_row _builder_version=&#8221;4.6.6&#8243; _module_preset=&#8221;default&#8221; width=&#8221;50%&#8221; width_tablet=&#8221;80%&#8221; width_phone=&#8221;80%&#8221; width_last_edited=&#8221;on|phone&#8221; custom_padding=&#8221;||0px|||&#8221;][et_pb_column type=&#8221;4_4&#8243; _builder_version=&#8221;4.6.6&#8243; _module_preset=&#8221;default&#8221;][et_pb_text _builder_version=&#8221;4.6.6&#8243; _module_preset=&#8221;2f8a16ca-4d24-4c99-b589-dae4627334db&#8221; header_text_align=&#8221;center&#8221; header_text_color=&#8221;#ffffff&#8221; header_font_size=&#8221;48px&#8221; header_line_height=&#8221;0.8em&#8221; header_font_size_tablet=&#8221;45px&#8221; header_font_size_phone=&#8221;38px&#8221; header_font_size_last_edited=&#8221;on|tablet&#8221;] MIR W\u00cbLLE W\u00cbSSEN WAT DIR DENKT [\/et_pb_text][et_pb_text _builder_version=&#8221;4.6.6&#8243; _module_preset=&#8221;2f8a16ca-4d24-4c99-b589-dae4627334db&#8221; header_text_align=&#8221;center&#8221; header_text_color=&#8221;#ffffff&#8221; header_font_size=&#8221;48px&#8221; header_line_height=&#8221;0.8em&#8221; header_2_font=&#8221;Oswald||||||||&#8221; header_2_text_color=&#8221;#ffffff&#8221; header_2_font_size=&#8221;19px&#8221; header_2_font_size_tablet=&#8221;&#8221; [&hellip;]\" \/>\n<meta property=\"og:url\" content=\"https:\/\/satigoround.lu\/lu\/contact-2\/\" \/>\n<meta property=\"og:site_name\" content=\"Satigoround\" \/>\n<meta property=\"article:modified_time\" content=\"2021-01-22T10:41:21+00:00\" \/>\n<meta name=\"twitter:card\" content=\"summary_large_image\" \/>\n<meta name=\"twitter:label1\" content=\"Est. reading time\">\n\t<meta name=\"twitter:data1\" content=\"10 minutes\">\n<script type=\"application\/ld+json\" class=\"yoast-schema-graph\">{\"@context\":\"https:\/\/schema.org\",\"@graph\":[{\"@type\":\"WebSite\",\"@id\":\"https:\/\/satigoround.lu\/#website\",\"url\":\"https:\/\/satigoround.lu\/\",\"name\":\"Satigoround\",\"description\":\"a family-owned children\\u2019s attractions business\",\"potentialAction\":[{\"@type\":\"SearchAction\",\"target\":\"https:\/\/satigoround.lu\/?s={search_term_string}\",\"query-input\":\"required name=search_term_string\"}],\"inLanguage\":\"lu-LU\"},{\"@type\":\"WebPage\",\"@id\":\"https:\/\/satigoround.lu\/lu\/contact-2\/#webpage\",\"url\":\"https:\/\/satigoround.lu\/lu\/contact-2\/\",\"name\":\"Kontakt - Satigoround\",\"isPartOf\":{\"@id\":\"https:\/\/satigoround.lu\/#website\"},\"datePublished\":\"2020-11-02T14:47:20+00:00\",\"dateModified\":\"2021-01-22T10:41:21+00:00\",\"breadcrumb\":{\"@id\":\"https:\/\/satigoround.lu\/lu\/contact-2\/#breadcrumb\"},\"inLanguage\":\"lu-LU\",\"potentialAction\":[{\"@type\":\"ReadAction\",\"target\":[\"https:\/\/satigoround.lu\/lu\/contact-2\/\"]}]},{\"@type\":\"BreadcrumbList\",\"@id\":\"https:\/\/satigoround.lu\/lu\/contact-2\/#breadcrumb\",\"itemListElement\":[{\"@type\":\"ListItem\",\"position\":1,\"item\":{\"@type\":\"WebPage\",\"@id\":\"https:\/\/satigoround.lu\/lu\/\",\"url\":\"https:\/\/satigoround.lu\/lu\/\",\"name\":\"Home\"}},{\"@type\":\"ListItem\",\"position\":2,\"item\":{\"@type\":\"WebPage\",\"@id\":\"https:\/\/satigoround.lu\/lu\/contact-2\/\",\"url\":\"https:\/\/satigoround.lu\/lu\/contact-2\/\",\"name\":\"Kontakt\"}}]}]}<\/script>\n<!-- \/ Yoast SEO plugin. -->","_links":{"self":[{"href":"https:\/\/satigoround.lu\/lu\/wp-json\/wp\/v2\/pages\/3566"}],"collection":[{"href":"https:\/\/satigoround.lu\/lu\/wp-json\/wp\/v2\/pages"}],"about":[{"href":"https:\/\/satigoround.lu\/lu\/wp-json\/wp\/v2\/types\/page"}],"author":[{"embeddable":true,"href":"https:\/\/satigoround.lu\/lu\/wp-json\/wp\/v2\/users\/5"}],"replies":[{"embeddable":true,"href":"https:\/\/satigoround.lu\/lu\/wp-json\/wp\/v2\/comments?post=3566"}],"version-history":[{"count":3,"href":"https:\/\/satigoround.lu\/lu\/wp-json\/wp\/v2\/pages\/3566\/revisions"}],"predecessor-version":[{"id":3575,"href":"https:\/\/satigoround.lu\/lu\/wp-json\/wp\/v2\/pages\/3566\/revisions\/3575"}],"wp:attachment":[{"href":"https:\/\/satigoround.lu\/lu\/wp-json\/wp\/v2\/media?parent=3566"}],"curies":[{"name":"wp","href":"https:\/\/api.w.org\/{rel}","templated":true}]}}